{"id":837,"date":"2016-01-06T14:25:52","date_gmt":"2016-01-06T19:25:52","guid":{"rendered":"http:\/\/numa.media\/a-propos\/?lang=en"},"modified":"2018-04-19T17:30:37","modified_gmt":"2018-04-19T21:30:37","slug":"a-propos","status":"publish","type":"page","link":"https:\/\/numa.media\/en\/a-propos\/","title":{"rendered":"\u00c0 propos de Numa"},"content":{"rendered":"<p>La r\u00e9volution num\u00e9rique s&#8217;est install\u00e9e \u00e0 demeure dans toutes les sph\u00e8res de la soci\u00e9t\u00e9 et elle poursuit inexorablement son avanc\u00e9e \u00e0 l&#8217;\u00e9chelle plan\u00e9taire.<\/p>\n<p>Au Qu\u00e9bec, cette r\u00e9volution\u00a0se traduit par un changement dans les habitudes de consommation, entre autres\u00a0de produits culturels en ligne \u00a0: en 2017, pr\u00e8s de huit adultes sur 10 (78 %) regardaient du <a href=\"https:\/\/cefrio.qc.ca\/netendances\/se-divertir-en-ligne\/\">contenu vid\u00e9o sur Internet<\/a>, 37% \u00e9coutaient de la musique en continu sur le Web, pr\u00e8s de 40% jouaient \u00e0 des jeux en ligne toutes plateformes confondues et 16% t\u00e9l\u00e9chargeaient des livres num\u00e9riques.<\/p>\n<p>Mais au-del\u00e0 du ph\u00e9nom\u00e8ne culturel, l&#8217;industrie du num\u00e9rique repr\u00e9sente un formidable moteur \u00e9conomique. Au Qu\u00e9bec, sa valeur globale se chiffre \u00e0 plus d\u2019un milliard de dollars de revenus avec la cr\u00e9ation de plus de 13\u00a0000 emplois directs.<\/p>\n<p>L&#8217;<a href=\"http:\/\/www.xnquebec.co\/\">Association des producteurs d&#8217;exp\u00e9riences num\u00e9riques<\/a> (anciennement Regroupement des producteurs multim\u00e9dia), dont la mission est de repr\u00e9senter les producteurs\u00a0num\u00e9riques du Qu\u00e9bec, consid\u00e8re la mutation num\u00e9rique comme une extraordinaire source d&#8217;opportunit\u00e9s \u00e9conomiques, culturelles, sociales et humaines, opportunit\u00e9s qui s&#8217;expriment par des projets innovateurs et utiles \u00e0 la soci\u00e9t\u00e9.<\/p>\n<p>En 2010,\u00a0Xn Qu\u00e9bec\u00a0cr\u00e9ait d&#8217;ailleurs le concours des <a href=\"http:\/\/www.numix.ca\/\">Prix Numix<\/a>, pour r\u00e9compenser chaque ann\u00e9e les meilleures productions num\u00e9riques qu\u00e9b\u00e9coises.<\/p>\n<p>Numix et Numa, m\u00eame objectif : faire rayonner les artisans de la nouvelle culture num\u00e9rique d&#8217;ici qui, par leur audace et leur cr\u00e9ativit\u00e9, participent avec brio au grand \u00e9cosyst\u00e8me international.<\/p>\n<p><strong>Qu&#8217;ont en commun les productions num\u00e9riques pr\u00e9sent\u00e9es sur Numa?<\/strong><\/p>\n<p>Bien s\u00fbr, elles sont con\u00e7ues et r\u00e9alis\u00e9es au Qu\u00e9bec. Mais le plus important, qu&#8217;elles changent notre rapport au monde.<\/p>\n<p>Innovatrices, elles pr\u00e9sentent des nouvelles fa\u00e7ons de faire \u2013 nouvelles fa\u00e7ons de voyager, de travailler, d&#8217;\u00e9couter de la musique, de conclure des transactions, d&#8217;interagir avec autrui, de jouer, d&#8217;acqu\u00e9rir des connaissances, de g\u00e9rer sa sant\u00e9, etc.<\/p>\n<p>Elles sont class\u00e9es en cinq cat\u00e9gories \u2013 Arts, Jeux, M\u00e9dias, Affaires et Webs\u00e9ries \u2013 pour refl\u00e9ter en grande partie tous les secteurs de l&#8217;industrie du num\u00e9rique.<\/p>\n<p><strong>En coulisses<\/strong><\/p>\n<p>Mais qui s&#8217;active en arri\u00e8re-sc\u00e8ne de ces sites Web innovants, de ces applications mobiles ing\u00e9nieuses, de ces films en r\u00e9alit\u00e9 virtuelle, de ces jeux en r\u00e9alit\u00e9 augment\u00e9e, de ces projections immersives, de ces parcours interactifs? Des producteurs, des r\u00e9alisateurs, des informaticiens, des sc\u00e9naristes, des vid\u00e9astes, des designers d&#8217;interfaces et d&#8217;exp\u00e9riences utilisateurs, des r\u00e9dacteurs Web, des analystes, des strat\u00e8ges, bref, des mordus du num\u00e9rique d\u00e9sireux de cr\u00e9er des exp\u00e9riences m\u00e9morables.<\/p>\n<p>L\u2019industrie du num\u00e9rique qu\u00e9b\u00e9coise regorge de gens brillants, cr\u00e9atifs, passionn\u00e9s et sympathiques, mais il faut faire partie de cette industrie pour le savoir. \u2028C&#8217;est pour mettre en lumi\u00e8re ces gens et faire rayonner leurs r\u00e9alisations que Numa a \u00e9t\u00e9 cr\u00e9\u00e9.<\/p>\n<p>Avec Numa, les coulisses de l&#8217;industrie du num\u00e9rique qu\u00e9b\u00e9cois ne seront plus un secret bien gard\u00e9.<\/p>\n<p><strong>Des contenus libres de droit<\/strong><\/p>\n<p>Tous les contenus de Numa sont libres de droits et n&#8217;attendent que vous pour qu&#8217;ils soient diffus\u00e9s au plus grand nombre. Deux possibilit\u00e9s : si vous \u00eates un individu, vous pouvez partager les articles et les vid\u00e9os directement dans vos r\u00e9seaux respectifs; si vous \u00eates une entreprise ou un organisme, vous pouvez devenir un partenaire de diffusion des contenus de Numa, en communiquant avec le RPM qui se fera un plaisir de vous donner acc\u00e8s aux fichiers sources, et \u00e0 certains extras.<\/p>\n<p>Bonne navigation et bons partages!<\/p>\n<p><a href=\"#_ftnref1\" name=\"_ftn1\"><\/a><\/p>\n<p>&nbsp;<\/p>\n","protected":false},"excerpt":{"rendered":"<p>La r\u00e9volution num\u00e9rique s&#8217;est install\u00e9e \u00e0 demeure dans toutes les sph\u00e8res de la soci\u00e9t\u00e9 et elle poursuit inexorablement son avanc\u00e9e \u00e0 l&#8217;\u00e9chelle plan\u00e9taire. Au Qu\u00e9bec, cette r\u00e9volution\u00a0se traduit par un changement dans les habitudes de consommation, entre autres\u00a0de produits culturels en ligne \u00a0: en 2017, pr\u00e8s de huit adultes sur 10 (78 %) regardaient du [&hellip;]<\/p>\n","protected":false},"author":5,"featured_media":789,"parent":0,"menu_order":0,"comment_status":"closed","ping_status":"closed","template":"","meta":{"jetpack_post_was_ever_published":false,"footnotes":""},"class_list":["post-837","page","type-page","status-publish","has-post-thumbnail","hentry","post-grid"],"jetpack_sharing_enabled":true,"_links":{"self":[{"href":"https:\/\/numa.media\/en\/wp-json\/wp\/v2\/pages\/837","targetHints":{"allow":["GET"]}}],"collection":[{"href":"https:\/\/numa.media\/en\/wp-json\/wp\/v2\/pages"}],"about":[{"href":"https:\/\/numa.media\/en\/wp-json\/wp\/v2\/types\/page"}],"author":[{"embeddable":true,"href":"https:\/\/numa.media\/en\/wp-json\/wp\/v2\/users\/5"}],"replies":[{"embeddable":true,"href":"https:\/\/numa.media\/en\/wp-json\/wp\/v2\/comments?post=837"}],"version-history":[{"count":7,"href":"https:\/\/numa.media\/en\/wp-json\/wp\/v2\/pages\/837\/revisions"}],"predecessor-version":[{"id":2872,"href":"https:\/\/numa.media\/en\/wp-json\/wp\/v2\/pages\/837\/revisions\/2872"}],"wp:featuredmedia":[{"embeddable":true,"href":"https:\/\/numa.media\/en\/wp-json\/wp\/v2\/media\/789"}],"wp:attachment":[{"href":"https:\/\/numa.media\/en\/wp-json\/wp\/v2\/media?parent=837"}],"curies":[{"name":"wp","href":"https:\/\/api.w.org\/{rel}","templated":true}]}}