{"id":840,"date":"2016-01-21T15:29:28","date_gmt":"2016-01-21T20:29:28","guid":{"rendered":"http:\/\/numa.media\/credits\/?lang=en"},"modified":"2019-10-01T15:50:58","modified_gmt":"2019-10-01T19:50:58","slug":"credits","status":"publish","type":"page","link":"https:\/\/numa.media\/en\/credits\/","title":{"rendered":"Cr\u00e9dits"},"content":{"rendered":"<p><strong>Numa est une production de l&#8217;Association des producteurs d&#8217;exp\u00e9riences num\u00e9riques\u00a0(Xn Qu\u00e9bec).<\/strong><\/p>\n<h3>Site Web :<\/h3>\n<p><strong>Directeur artistique<\/strong>\u00a0: Daniel Mireault<\/p>\n<p><strong>Programmation<\/strong>\u00a0: Patrick Tanguay \/\/ Taste of Blue<\/p>\n<h3>CAPSULES VID\u00c9O\u00a0:<\/h3>\n<p><strong>Production d\u00e9l\u00e9gu\u00e9e<\/strong>\u00a0: Andr\u00e9e Harvey \/\/ Hara Num\u00e9rik<\/p>\n<p><strong>R\u00e9alisation<\/strong>\u00a0: \u00c9milie Ricard-Harvey \/\/ Mode Couleur;\u00a0Julien Besset \/\/ Lien MULTIM\u00c9DIA<\/p>\n<p><strong>Coordination :\u00a0<\/strong>Genevi\u00e8ve Roy<\/p>\n<h3>Articles\u00a0:<\/h3>\n<p><strong>Journalistes<\/strong>\u00a0:\u00a0Charles Pr\u00e9mont, Paul Blais, Sophie Bernard \/\/\u00a0Lien Multim\u00e9dia, Juliette Roland\u00a0\/\/\u00a0Lien Multim\u00e9dia,\u00a0Steeve Laprise \/\/ Lien MULTIM\u00c9DIA<\/p>\n<p><strong>Traduction :\u00a0<\/strong>Jo\u00eb Villaverde<\/p>\n<p><strong>Photographie<\/strong> : Juliette Rolland \/\/ Lien MULTIM\u00c9DIA<\/p>\n<p>\u2014<\/p>\n<h3>POUR Xn qu\u00e9bec :<\/h3>\n<p><strong>Initiateur du projet<\/strong>\u00a0: Michel Jolicoeur<\/p>\n<p><strong>Consultants<\/strong>\u00a0: Rapha\u00eblle Huysmans (Urbania) et Pascal Pelletier (Figure55)<\/p>\n<p>\u2014<\/p>\n<p>Numa a \u00e9t\u00e9 rendu possible gr\u00e2ce au soutien financier de la Ville de Montr\u00e9al.<\/p>\n<p>Merci \u00e0 L&#8217;INIS pour le pr\u00eat d&#8217;\u00e9quipement de tournage.<\/p>\n<h3><\/h3>\n","protected":false},"excerpt":{"rendered":"<p>Numa est une production de l&#8217;Association des producteurs d&#8217;exp\u00e9riences num\u00e9riques\u00a0(Xn Qu\u00e9bec). Site Web : Directeur artistique\u00a0: Daniel Mireault Programmation\u00a0: Patrick Tanguay \/\/ Taste of Blue CAPSULES VID\u00c9O\u00a0: Production d\u00e9l\u00e9gu\u00e9e\u00a0: Andr\u00e9e Harvey \/\/ Hara Num\u00e9rik R\u00e9alisation\u00a0: \u00c9milie Ricard-Harvey \/\/ Mode Couleur;\u00a0Julien Besset \/\/ Lien MULTIM\u00c9DIA Coordination :\u00a0Genevi\u00e8ve Roy Articles\u00a0: Journalistes\u00a0:\u00a0Charles Pr\u00e9mont, Paul Blais, Sophie Bernard \/\/\u00a0Lien [&hellip;]<\/p>\n","protected":false},"author":5,"featured_media":789,"parent":0,"menu_order":0,"comment_status":"closed","ping_status":"closed","template":"","meta":{"jetpack_post_was_ever_published":false,"footnotes":""},"class_list":["post-840","page","type-page","status-publish","has-post-thumbnail","hentry","post-grid"],"jetpack_sharing_enabled":false,"_links":{"self":[{"href":"https:\/\/numa.media\/en\/wp-json\/wp\/v2\/pages\/840","targetHints":{"allow":["GET"]}}],"collection":[{"href":"https:\/\/numa.media\/en\/wp-json\/wp\/v2\/pages"}],"about":[{"href":"https:\/\/numa.media\/en\/wp-json\/wp\/v2\/types\/page"}],"author":[{"embeddable":true,"href":"https:\/\/numa.media\/en\/wp-json\/wp\/v2\/users\/5"}],"replies":[{"embeddable":true,"href":"https:\/\/numa.media\/en\/wp-json\/wp\/v2\/comments?post=840"}],"version-history":[{"count":8,"href":"https:\/\/numa.media\/en\/wp-json\/wp\/v2\/pages\/840\/revisions"}],"predecessor-version":[{"id":3254,"href":"https:\/\/numa.media\/en\/wp-json\/wp\/v2\/pages\/840\/revisions\/3254"}],"wp:featuredmedia":[{"embeddable":true,"href":"https:\/\/numa.media\/en\/wp-json\/wp\/v2\/media\/789"}],"wp:attachment":[{"href":"https:\/\/numa.media\/en\/wp-json\/wp\/v2\/media?parent=840"}],"curies":[{"name":"wp","href":"https:\/\/api.w.org\/{rel}","templated":true}]}}